{"id":1046,"date":"2024-10-06T08:34:19","date_gmt":"2024-10-06T08:34:19","guid":{"rendered":"https:\/\/www.workprofit.com.pl\/?page_id=1046"},"modified":"2024-10-06T08:49:52","modified_gmt":"2024-10-06T08:49:52","slug":"privacy-policy-2","status":"publish","type":"page","link":"https:\/\/www.workprofit.com.pl\/index.php\/privacy-policy-2\/","title":{"rendered":"Sygnali\u015bci"},"content":{"rendered":"\n<style type=\"text\/css\" data-created_by=\"avia_inline_auto\" id=\"style-css-av-l9qxigy3-9d62979c22b5946abefc698b246a53db\">\n#top .av-special-heading.av-l9qxigy3-9d62979c22b5946abefc698b246a53db{\npadding-bottom:10px;\n}\nbody .av-special-heading.av-l9qxigy3-9d62979c22b5946abefc698b246a53db .av-special-heading-tag .heading-char{\nfont-size:25px;\n}\n.av-special-heading.av-l9qxigy3-9d62979c22b5946abefc698b246a53db .av-subheading{\nfont-size:15px;\n}\n<\/style>\n<div  class='av-special-heading av-l9qxigy3-9d62979c22b5946abefc698b246a53db av-special-heading-h3 blockquote modern-quote modern-centered  avia-builder-el-0  el_before_av_hr  avia-builder-el-first '><h3 class='av-special-heading-tag '  itemprop=\"headline\"  >Procedura zg\u0142aszania nieprawid\u0142owo\u015bci \u2013 Sygnalista<\/h3><div class=\"special-heading-border\"><div class=\"special-heading-inner-border\"><\/div><\/div><\/div>\n\n<style type=\"text\/css\" data-created_by=\"avia_inline_auto\" id=\"style-css-av-lbggvql7-0bf67b86ececb32cd23ddcc88f22b07d\">\n#top .hr.hr-invisible.av-lbggvql7-0bf67b86ececb32cd23ddcc88f22b07d{\nheight:50px;\n}\n<\/style>\n<div  class='hr av-lbggvql7-0bf67b86ececb32cd23ddcc88f22b07d hr-invisible  avia-builder-el-1  el_after_av_heading  el_before_av_image '><span class='hr-inner '><span class=\"hr-inner-style\"><\/span><\/span><\/div>\n\n<style type=\"text\/css\" data-created_by=\"avia_inline_auto\" id=\"style-css-av-lbggv9qm-f498db21adac86af926bee289a9aa7a7\">\n.avia-image-container.av-lbggv9qm-f498db21adac86af926bee289a9aa7a7 img.avia_image{\nbox-shadow:none;\n}\n.avia-image-container.av-lbggv9qm-f498db21adac86af926bee289a9aa7a7 .av-image-caption-overlay-center{\ncolor:#ffffff;\n}\n<\/style>\n<div  class='avia-image-container av-lbggv9qm-f498db21adac86af926bee289a9aa7a7 av-styling- avia-align-center  avia-builder-el-2  el_after_av_hr  el_before_av_hr '   itemprop=\"image\" itemscope=\"itemscope\" itemtype=\"https:\/\/schema.org\/ImageObject\" ><div class=\"avia-image-container-inner\"><div class=\"avia-image-overlay-wrap\"><img fetchpriority=\"high\" fetchpriority=\"high\" decoding=\"async\" fetchpriority=\"high\" class='wp-image-739 avia-img-lazy-loading-not-739 avia_image ' src=\"https:\/\/www.workprofit.com.pl\/wp-content\/uploads\/2022\/12\/logoglgo-1.png\" alt='' title='logoglgo'  height=\"35\" width=\"50\"  itemprop=\"thumbnailUrl\"  \/><\/div><\/div><\/div>\n\n<style type=\"text\/css\" data-created_by=\"avia_inline_auto\" id=\"style-css-av-lbggvlzw-6b423c08794ea8adf8f19feedd388b58\">\n#top .hr.hr-invisible.av-lbggvlzw-6b423c08794ea8adf8f19feedd388b58{\nheight:50px;\n}\n<\/style>\n<div  class='hr av-lbggvlzw-6b423c08794ea8adf8f19feedd388b58 hr-invisible  avia-builder-el-3  el_after_av_image  el_before_av_one_fifth '><span class='hr-inner '><span class=\"hr-inner-style\"><\/span><\/span><\/div>\n<div  class='flex_column av-75p1-167de5eec772ebf0943ea8a0936eb5e9 av_one_fifth  avia-builder-el-4  el_after_av_hr  el_before_av_three_fifth  first flex_column_div  '     ><\/div>\n<div  class='flex_column av-6fbv-6717bead30484bb2e52a26255f85275c av_three_fifth  avia-builder-el-5  el_after_av_one_fifth  el_before_av_one_fifth  flex_column_div  '     ><style type=\"text\/css\" data-created_by=\"avia_inline_auto\" id=\"style-css-av-7hplk6-9c808a18f21091e3c8b436e5b8f58aae\">\n.avia-icon-grid-container.av-7hplk6-9c808a18f21091e3c8b436e5b8f58aae .avia-icongrid{\njustify-content:space-between;\n}\n<\/style>\n<div  class='avia-icon-grid-container av-7hplk6-9c808a18f21091e3c8b436e5b8f58aae  avia-builder-el-6  avia-builder-el-no-sibling ' ><ul id='avia-icongrid-69e2545304a7f' class='avia-icongrid clearfix avia_animate_when_almost_visible avia-icongrid-tooltip avia-icongrid-numrow-3 avia-cell-space-between av-flex-cells av-break-767 av-can-break-50'>\n<li class='av-icon-cell-item av-row-with-3-cells av-row-nr-1 av-cell-1 av-first-cell-row av-first-cell-item'><a href='https:\/\/www.workprofit.com.pl\/PROCEDURA%20ZG\u0141ASZANIA%20NARUSZE\u0143%20PRAWA%20WORKPROFIT%20SP%20ZOO-2.pdf?_t=1728203764' title='PROCEDURA'  target=\"_blank\"  rel=\"noopener noreferrer\" class='avia-icongrid-wrapper av-1znyw6-fdbf2a68b4345f4ce53f9493f85efc3f'><article class='article-icon-entry av-icongrid-empty'  itemscope=\"itemscope\" itemtype=\"https:\/\/schema.org\/CreativeWork\" ><div class='avia-icongrid-front '><div class=\"avia-icongrid-inner\"><div class='avia-icongrid-icon avia-font-entypo-fontello'><span class='icongrid-char' aria-hidden='true' data-av_icon='\ue86f' data-av_iconfont='entypo-fontello'><\/span><\/div><header class=\"entry-content-header\"><h4 class='av_icongrid_title icongrid_title '  itemprop=\"headline\" >PROCEDURA<\/h4><\/header><\/div><\/div><div class='avia-icongrid-content' data-class-flipback=''><div class=\"avia-icongrid-inner\"><div class='avia-icongrid-text'  itemprop=\"text\" ><\/div><\/div><\/div><\/article><\/a><\/li>\n<li class='av-icon-cell-item av-row-with-3-cells av-row-nr-1 av-cell-2 av-first-cell-row av-inner-cell-item'><a href='https:\/\/www.workprofit.com.pl\/Formularz%20zg\u0142oszenia%20nieprawid\u0142owo\u015bci.pdf?_t=1727536450' title='FORMULARZ ZG\u0141OSZENIA NIEPRAWID\u0141OWO\u015aCI'  target=\"_blank\"  rel=\"noopener noreferrer\" class='avia-icongrid-wrapper av-4b3nly-8e0590c6e51ab9cef339aaf3da5a17b2'><article class='article-icon-entry av-icongrid-empty'  itemscope=\"itemscope\" itemtype=\"https:\/\/schema.org\/CreativeWork\" ><div class='avia-icongrid-front '><div class=\"avia-icongrid-inner\"><div class='avia-icongrid-icon avia-font-entypo-fontello'><span class='icongrid-char' aria-hidden='true' data-av_icon='\ue86f' data-av_iconfont='entypo-fontello'><\/span><\/div><header class=\"entry-content-header\"><h4 class='av_icongrid_title icongrid_title '  itemprop=\"headline\" >FORMULARZ ZG\u0141OSZENIA NIEPRAWID\u0141OWO\u015aCI<\/h4><\/header><\/div><\/div><div class='avia-icongrid-content' data-class-flipback=''><div class=\"avia-icongrid-inner\"><div class='avia-icongrid-text'  itemprop=\"text\" ><\/div><\/div><\/div><\/article><\/a><\/li>\n<li class='av-icon-cell-item av-row-with-3-cells av-row-nr-1 av-cell-3 av-first-cell-row av-last-cell-item'><a href='https:\/\/www.workprofit.com.pl\/Informacja%20dla%20kandydat\u00f3w%20do%20pracy.pdf?_t=1728203685' title='INFORMACJA DLA KANDYDAT\u00d3W DO PRACY'  target=\"_blank\"  rel=\"noopener noreferrer\" class='avia-icongrid-wrapper av-56nmo6-5754b4300a84c876e9a9d437b7feeddf'><article class='article-icon-entry av-icongrid-empty'  itemscope=\"itemscope\" itemtype=\"https:\/\/schema.org\/CreativeWork\" ><div class='avia-icongrid-front '><div class=\"avia-icongrid-inner\"><div class='avia-icongrid-icon avia-font-entypo-fontello'><span class='icongrid-char' aria-hidden='true' data-av_icon='\ue86f' data-av_iconfont='entypo-fontello'><\/span><\/div><header class=\"entry-content-header\"><h4 class='av_icongrid_title icongrid_title '  itemprop=\"headline\" >INFORMACJA DLA KANDYDAT\u00d3W DO PRACY<\/h4><\/header><\/div><\/div><div class='avia-icongrid-content' data-class-flipback=''><div class=\"avia-icongrid-inner\"><div class='avia-icongrid-text'  itemprop=\"text\" ><\/div><\/div><\/div><\/article><\/a><\/li>\n<\/ul><\/div><\/div><div  class='flex_column av-3ipr-4dac457d5b211b67348156856b3dc09b av_one_fifth  avia-builder-el-7  el_after_av_three_fifth  avia-builder-el-last  flex_column_div  '     ><\/div><\/p>\n","protected":false},"excerpt":{"rendered":"","protected":false},"author":1,"featured_media":0,"parent":0,"menu_order":0,"comment_status":"closed","ping_status":"closed","template":"","meta":{"footnotes":""},"class_list":["post-1046","page","type-page","status-publish","hentry"],"yoast_head":"<!-- This site is optimized with the Yoast SEO plugin v27.2 - https:\/\/yoast.com\/product\/yoast-seo-wordpress\/ -->\n<title>Sygnali\u015bci - Workprofit sp. z o.o. Wielu\u0144<\/title>\n<meta name=\"robots\" content=\"index, follow, max-snippet:-1, max-image-preview:large, max-video-preview:-1\" \/>\n<link rel=\"canonical\" href=\"https:\/\/www.workprofit.com.pl\/index.php\/privacy-policy-2\/\" \/>\n<meta property=\"og:locale\" content=\"pl_PL\" \/>\n<meta property=\"og:type\" content=\"article\" \/>\n<meta property=\"og:title\" content=\"Sygnali\u015bci - Workprofit sp. z o.o. Wielu\u0144\" \/>\n<meta property=\"og:url\" content=\"https:\/\/www.workprofit.com.pl\/index.php\/privacy-policy-2\/\" \/>\n<meta property=\"og:site_name\" content=\"Workprofit sp. z o.o. Wielu\u0144\" \/>\n<meta property=\"article:publisher\" content=\"https:\/\/www.facebook.com\/WorkprofitWielun\" \/>\n<meta property=\"article:modified_time\" content=\"2024-10-06T08:49:52+00:00\" \/>\n<meta name=\"twitter:card\" content=\"summary_large_image\" \/>\n<meta name=\"twitter:label1\" content=\"Szacowany czas czytania\" \/>\n\t<meta name=\"twitter:data1\" content=\"1 minuta\" \/>\n<script type=\"application\/ld+json\" class=\"yoast-schema-graph\">{\"@context\":\"https:\/\/schema.org\",\"@graph\":[{\"@type\":\"WebPage\",\"@id\":\"https:\/\/www.workprofit.com.pl\/index.php\/privacy-policy-2\/\",\"url\":\"https:\/\/www.workprofit.com.pl\/index.php\/privacy-policy-2\/\",\"name\":\"Sygnali\u015bci - Workprofit sp. z o.o. Wielu\u0144\",\"isPartOf\":{\"@id\":\"https:\/\/www.workprofit.com.pl\/#website\"},\"datePublished\":\"2024-10-06T08:34:19+00:00\",\"dateModified\":\"2024-10-06T08:49:52+00:00\",\"breadcrumb\":{\"@id\":\"https:\/\/www.workprofit.com.pl\/index.php\/privacy-policy-2\/#breadcrumb\"},\"inLanguage\":\"pl-PL\",\"potentialAction\":[{\"@type\":\"ReadAction\",\"target\":[\"https:\/\/www.workprofit.com.pl\/index.php\/privacy-policy-2\/\"]}]},{\"@type\":\"BreadcrumbList\",\"@id\":\"https:\/\/www.workprofit.com.pl\/index.php\/privacy-policy-2\/#breadcrumb\",\"itemListElement\":[{\"@type\":\"ListItem\",\"position\":1,\"name\":\"Strona g\u0142\u00f3wna\",\"item\":\"https:\/\/www.workprofit.com.pl\/\"},{\"@type\":\"ListItem\",\"position\":2,\"name\":\"Sygnali\u015bci\"}]},{\"@type\":\"WebSite\",\"@id\":\"https:\/\/www.workprofit.com.pl\/#website\",\"url\":\"https:\/\/www.workprofit.com.pl\/\",\"name\":\"Workprofit sp. z o.o. Wielu\u0144\",\"description\":\"Magdalena \u015awi\u0105tek Biuro Kadrowo - P\u0142acowe Biuro Ksi\u0119gowe\",\"publisher\":{\"@id\":\"https:\/\/www.workprofit.com.pl\/#organization\"},\"alternateName\":\"Biuro Rachunkowe Biuro Kadrowe Wielu\u0144\",\"potentialAction\":[{\"@type\":\"SearchAction\",\"target\":{\"@type\":\"EntryPoint\",\"urlTemplate\":\"https:\/\/www.workprofit.com.pl\/?s={search_term_string}\"},\"query-input\":{\"@type\":\"PropertyValueSpecification\",\"valueRequired\":true,\"valueName\":\"search_term_string\"}}],\"inLanguage\":\"pl-PL\"},{\"@type\":\"Organization\",\"@id\":\"https:\/\/www.workprofit.com.pl\/#organization\",\"name\":\"Workprofit sp. z o.o. Wielu\u0144\",\"url\":\"https:\/\/www.workprofit.com.pl\/\",\"logo\":{\"@type\":\"ImageObject\",\"inLanguage\":\"pl-PL\",\"@id\":\"https:\/\/www.workprofit.com.pl\/#\/schema\/logo\/image\/\",\"url\":\"https:\/\/www.workprofit.com.pl\/wp-content\/uploads\/2022\/10\/logo-1000x.png\",\"contentUrl\":\"https:\/\/www.workprofit.com.pl\/wp-content\/uploads\/2022\/10\/logo-1000x.png\",\"width\":1000,\"height\":459,\"caption\":\"Workprofit sp. z o.o. Wielu\u0144\"},\"image\":{\"@id\":\"https:\/\/www.workprofit.com.pl\/#\/schema\/logo\/image\/\"},\"sameAs\":[\"https:\/\/www.facebook.com\/WorkprofitWielun\"]}]}<\/script>\n<!-- \/ Yoast SEO plugin. -->","yoast_head_json":{"title":"Sygnali\u015bci - Workprofit sp. z o.o. Wielu\u0144","robots":{"index":"index","follow":"follow","max-snippet":"max-snippet:-1","max-image-preview":"max-image-preview:large","max-video-preview":"max-video-preview:-1"},"canonical":"https:\/\/www.workprofit.com.pl\/index.php\/privacy-policy-2\/","og_locale":"pl_PL","og_type":"article","og_title":"Sygnali\u015bci - Workprofit sp. z o.o. Wielu\u0144","og_url":"https:\/\/www.workprofit.com.pl\/index.php\/privacy-policy-2\/","og_site_name":"Workprofit sp. z o.o. Wielu\u0144","article_publisher":"https:\/\/www.facebook.com\/WorkprofitWielun","article_modified_time":"2024-10-06T08:49:52+00:00","twitter_card":"summary_large_image","twitter_misc":{"Szacowany czas czytania":"1 minuta"},"schema":{"@context":"https:\/\/schema.org","@graph":[{"@type":"WebPage","@id":"https:\/\/www.workprofit.com.pl\/index.php\/privacy-policy-2\/","url":"https:\/\/www.workprofit.com.pl\/index.php\/privacy-policy-2\/","name":"Sygnali\u015bci - Workprofit sp. z o.o. Wielu\u0144","isPartOf":{"@id":"https:\/\/www.workprofit.com.pl\/#website"},"datePublished":"2024-10-06T08:34:19+00:00","dateModified":"2024-10-06T08:49:52+00:00","breadcrumb":{"@id":"https:\/\/www.workprofit.com.pl\/index.php\/privacy-policy-2\/#breadcrumb"},"inLanguage":"pl-PL","potentialAction":[{"@type":"ReadAction","target":["https:\/\/www.workprofit.com.pl\/index.php\/privacy-policy-2\/"]}]},{"@type":"BreadcrumbList","@id":"https:\/\/www.workprofit.com.pl\/index.php\/privacy-policy-2\/#breadcrumb","itemListElement":[{"@type":"ListItem","position":1,"name":"Strona g\u0142\u00f3wna","item":"https:\/\/www.workprofit.com.pl\/"},{"@type":"ListItem","position":2,"name":"Sygnali\u015bci"}]},{"@type":"WebSite","@id":"https:\/\/www.workprofit.com.pl\/#website","url":"https:\/\/www.workprofit.com.pl\/","name":"Workprofit sp. z o.o. Wielu\u0144","description":"Magdalena \u015awi\u0105tek Biuro Kadrowo - P\u0142acowe Biuro Ksi\u0119gowe","publisher":{"@id":"https:\/\/www.workprofit.com.pl\/#organization"},"alternateName":"Biuro Rachunkowe Biuro Kadrowe Wielu\u0144","potentialAction":[{"@type":"SearchAction","target":{"@type":"EntryPoint","urlTemplate":"https:\/\/www.workprofit.com.pl\/?s={search_term_string}"},"query-input":{"@type":"PropertyValueSpecification","valueRequired":true,"valueName":"search_term_string"}}],"inLanguage":"pl-PL"},{"@type":"Organization","@id":"https:\/\/www.workprofit.com.pl\/#organization","name":"Workprofit sp. z o.o. Wielu\u0144","url":"https:\/\/www.workprofit.com.pl\/","logo":{"@type":"ImageObject","inLanguage":"pl-PL","@id":"https:\/\/www.workprofit.com.pl\/#\/schema\/logo\/image\/","url":"https:\/\/www.workprofit.com.pl\/wp-content\/uploads\/2022\/10\/logo-1000x.png","contentUrl":"https:\/\/www.workprofit.com.pl\/wp-content\/uploads\/2022\/10\/logo-1000x.png","width":1000,"height":459,"caption":"Workprofit sp. z o.o. Wielu\u0144"},"image":{"@id":"https:\/\/www.workprofit.com.pl\/#\/schema\/logo\/image\/"},"sameAs":["https:\/\/www.facebook.com\/WorkprofitWielun"]}]}},"_links":{"self":[{"href":"https:\/\/www.workprofit.com.pl\/index.php\/wp-json\/wp\/v2\/pages\/1046","targetHints":{"allow":["GET"]}}],"collection":[{"href":"https:\/\/www.workprofit.com.pl\/index.php\/wp-json\/wp\/v2\/pages"}],"about":[{"href":"https:\/\/www.workprofit.com.pl\/index.php\/wp-json\/wp\/v2\/types\/page"}],"author":[{"embeddable":true,"href":"https:\/\/www.workprofit.com.pl\/index.php\/wp-json\/wp\/v2\/users\/1"}],"replies":[{"embeddable":true,"href":"https:\/\/www.workprofit.com.pl\/index.php\/wp-json\/wp\/v2\/comments?post=1046"}],"version-history":[{"count":6,"href":"https:\/\/www.workprofit.com.pl\/index.php\/wp-json\/wp\/v2\/pages\/1046\/revisions"}],"predecessor-version":[{"id":1055,"href":"https:\/\/www.workprofit.com.pl\/index.php\/wp-json\/wp\/v2\/pages\/1046\/revisions\/1055"}],"wp:attachment":[{"href":"https:\/\/www.workprofit.com.pl\/index.php\/wp-json\/wp\/v2\/media?parent=1046"}],"curies":[{"name":"wp","href":"https:\/\/api.w.org\/{rel}","templated":true}]}}