{"id":3,"date":"2022-10-21T11:34:15","date_gmt":"2022-10-21T11:34:15","guid":{"rendered":"http:\/\/www.workprofit.com.pl\/?page_id=3"},"modified":"2024-10-04T09:59:04","modified_gmt":"2024-10-04T09:59:04","slug":"privacy-policy","status":"publish","type":"page","link":"https:\/\/www.workprofit.com.pl\/index.php\/privacy-policy\/","title":{"rendered":"KLAUZULA INFORMACYJNA Dotycz\u0105ca przetwarzania danych osobowych"},"content":{"rendered":"\n<style type=\"text\/css\" data-created_by=\"avia_inline_auto\" id=\"style-css-av-l9qxigy3-a2a910f1c8ccd2cefb71a234ec606cb2\">\n#top .av-special-heading.av-l9qxigy3-a2a910f1c8ccd2cefb71a234ec606cb2{\npadding-bottom:10px;\n}\nbody .av-special-heading.av-l9qxigy3-a2a910f1c8ccd2cefb71a234ec606cb2 .av-special-heading-tag .heading-char{\nfont-size:25px;\n}\n.av-special-heading.av-l9qxigy3-a2a910f1c8ccd2cefb71a234ec606cb2 .av-subheading{\nfont-size:15px;\n}\n<\/style>\n<div  class='av-special-heading av-l9qxigy3-a2a910f1c8ccd2cefb71a234ec606cb2 av-special-heading-h3 blockquote modern-quote modern-centered  avia-builder-el-0  el_before_av_hr  avia-builder-el-first '><h3 class='av-special-heading-tag '  itemprop=\"headline\"  >Klauzula informacyjna dotycz\u0105ca przetwarzania danych osobowych<\/h3><div class=\"special-heading-border\"><div class=\"special-heading-inner-border\"><\/div><\/div><\/div>\n\n<style type=\"text\/css\" data-created_by=\"avia_inline_auto\" id=\"style-css-av-lbggvql7-0bf67b86ececb32cd23ddcc88f22b07d\">\n#top .hr.hr-invisible.av-lbggvql7-0bf67b86ececb32cd23ddcc88f22b07d{\nheight:50px;\n}\n<\/style>\n<div  class='hr av-lbggvql7-0bf67b86ececb32cd23ddcc88f22b07d hr-invisible  avia-builder-el-1  el_after_av_heading  el_before_av_image '><span class='hr-inner '><span class=\"hr-inner-style\"><\/span><\/span><\/div>\n\n<style type=\"text\/css\" data-created_by=\"avia_inline_auto\" id=\"style-css-av-lbggv9qm-f498db21adac86af926bee289a9aa7a7\">\n.avia-image-container.av-lbggv9qm-f498db21adac86af926bee289a9aa7a7 img.avia_image{\nbox-shadow:none;\n}\n.avia-image-container.av-lbggv9qm-f498db21adac86af926bee289a9aa7a7 .av-image-caption-overlay-center{\ncolor:#ffffff;\n}\n<\/style>\n<div  class='avia-image-container av-lbggv9qm-f498db21adac86af926bee289a9aa7a7 av-styling- avia-align-center  avia-builder-el-2  el_after_av_hr  el_before_av_hr '   itemprop=\"image\" itemscope=\"itemscope\" itemtype=\"https:\/\/schema.org\/ImageObject\" ><div class=\"avia-image-container-inner\"><div class=\"avia-image-overlay-wrap\"><img fetchpriority=\"high\" fetchpriority=\"high\" decoding=\"async\" fetchpriority=\"high\" class='wp-image-739 avia-img-lazy-loading-not-739 avia_image ' src=\"https:\/\/www.workprofit.com.pl\/wp-content\/uploads\/2022\/12\/logoglgo-1.png\" alt='' title='logoglgo'  height=\"35\" width=\"50\"  itemprop=\"thumbnailUrl\"  \/><\/div><\/div><\/div>\n\n<style type=\"text\/css\" data-created_by=\"avia_inline_auto\" id=\"style-css-av-lbggvlzw-6b423c08794ea8adf8f19feedd388b58\">\n#top .hr.hr-invisible.av-lbggvlzw-6b423c08794ea8adf8f19feedd388b58{\nheight:50px;\n}\n<\/style>\n<div  class='hr av-lbggvlzw-6b423c08794ea8adf8f19feedd388b58 hr-invisible  avia-builder-el-3  el_after_av_image  el_before_av_one_fifth '><span class='hr-inner '><span class=\"hr-inner-style\"><\/span><\/span><\/div>\n<div  class='flex_column av-75p1-167de5eec772ebf0943ea8a0936eb5e9 av_one_fifth  avia-builder-el-4  el_after_av_hr  el_before_av_three_fifth  first flex_column_div  '     ><\/div>\n<div  class='flex_column av-6fbv-6717bead30484bb2e52a26255f85275c av_three_fifth  avia-builder-el-5  el_after_av_one_fifth  el_before_av_one_fifth  flex_column_div  '     ><style type=\"text\/css\" data-created_by=\"avia_inline_auto\" id=\"style-css-av-l9qxgupn-e3fdaaf085ecf24a908ffa02ed907f17\">\n#top .av_textblock_section.av-l9qxgupn-e3fdaaf085ecf24a908ffa02ed907f17 .avia_textblock{\nfont-size:15px;\n}\n<\/style>\n<section  class='av_textblock_section av-l9qxgupn-e3fdaaf085ecf24a908ffa02ed907f17 '   itemscope=\"itemscope\" itemtype=\"https:\/\/schema.org\/CreativeWork\" ><div class='avia_textblock'  itemprop=\"text\" ><p>Zgodnie z art. 13 ust. 1 i ust. 2 Rozporz\u0105dzenia Parlamentu Europejskiego i Rady \/UE\/ nr<br \/>\n2016\/679 z dnia 27 kwietnia 2016 r. w sprawie ochrony os\u00f3b fizycznych w zwi\u0105zku z<br \/>\nprzetwarzaniem danych osobowych i w sprawie swobodnego przep\u0142ywu takich danych oraz<br \/>\nuchylenia dyrektywy 95\/46\/WE \u2013 informuje si\u0119, \u017ce:<\/p>\n<ol>\n<li>Administratorem Pani\/Pana danych osobowych jest firma WORKPROFIT Sp. Z o.o. z<br \/>\nsiedzib\u0105 w 98-300 Wielu\u0144, ul. A. Kmicica 16, tel 518 128 780, e-mail:<br \/>\nbiuro@workprofit.com.pl<\/li>\n<li>Pani\/Pana dane osobowe przetwarzane b\u0119d\u0105 w celu prowadzenia kompleksowej obs\u0142ugi w<br \/>\nzakresie BHP i P.PO\u017b, Szkole\u0144 zawodowych, Szkole\u0144 interpersonalnych oraz Raport\u00f3w<br \/>\nExtendend DISC i realizacji innych zada\u0144 okre\u015blonych w zawartych umowach z<br \/>\nAdministratorem, na podstawie przepis\u00f3w art. 6 ust 1 pkt. a) b) ww. Rozporz\u0105dzenia<br \/>\nog\u00f3lnego;<\/li>\n<li>Administrator Pani\/Pana danych osobowych mo\u017ce przekaza\u0107 dane osobowe<br \/>\nupowa\u017cnionym podmiotom tylko na podstawie przepis\u00f3w prawa, a tak\u017ce regulacji og\u00f3lnego<br \/>\nrozporz\u0105dzenia dotycz\u0105ce zasad powierzania danych osobowych;<\/li>\n<li>Pani\/Pana dane osobowe b\u0119d\u0105 przetwarzane przez okres niezb\u0119dny do realizacji<br \/>\nwskazanych w punkcie 2 cel\u00f3w przetwarzania, tj.:<br \/>\na) w zakresie realizacji zawartej przez Pani\u0105\/Pana umowy z Administratorem przez okres<br \/>\ndo czasu zako\u0144czenia jej realizacji, a po tym czasie:<br \/>\nprzez okres wymagany przez przepisy prawa, np. dla przechowywania okre\u015blonej<br \/>\ndokumentacji pracowniczej i bhp;<br \/>\nb) w zakresie wyra\u017conej zgody \u2013 do czasu jej wycofania;<\/li>\n<li>Posiada Pani\/Pan prawo dost\u0119pu do tre\u015bci swoich danych oraz prawo ich sprostowania,<br \/>\nusuni\u0119cia, ograniczenia przetwarzania, prawo do przenoszenia danych oraz prawo wniesienia<br \/>\nsprzeciwu;<\/li>\n<li>Ma Pani\/Pan prawo wniesienia skargi do Prezesa Urz\u0119du Ochrony Danych Osobowych,<br \/>\ngdy uzna, i\u017c przetwarzanie danych osobowych Pani\/Pana dotycz\u0105cych narusza przepisy<br \/>\nOg\u00f3lnego rozporz\u0105dzenia o ochronie danych osobowych z dnia 27 kwietnia 2016 r.;<\/li>\n<li>Pani\/Pana dane b\u0119d\u0105 podlega\u0142y przetwarzaniu zautomatyzowanemu, nie b\u0119d\u0105 jednak<br \/>\npodlega\u0142y formie profilowania.<\/li>\n<li>W razie pyta\u0144 zwi\u0105zanych z przetwarzaniem danych osobowych zach\u0119camy do<br \/>\nkontaktowania si\u0119 pod adresem e-mail: biuro@workprofit.com.pl lub telefonicznie pod nr.:<br \/>\n518 128 780<\/li>\n<li>Podanie danych ma zawsze charakter dobrowolny, jednak konsekwencj\u0105 niepodania tych<br \/>\ndanych b\u0119dzie brak mo\u017cliwo\u015bci zawarcia i realizacji umowy\/zlecenia w ramach dzia\u0142alno\u015bci<br \/>\nprowadzonej przez WORKPROFIT Sp. Z o.o.<br \/>\nWielu\u0144 , dnia: 1 listopada 2022r.<\/li>\n<\/ol>\n<\/div><\/section><\/div>\n<div  class='flex_column av-3ipr-4dac457d5b211b67348156856b3dc09b av_one_fifth  avia-builder-el-7  el_after_av_three_fifth  avia-builder-el-last  flex_column_div  '     ><\/div>\n","protected":false},"excerpt":{"rendered":"","protected":false},"author":1,"featured_media":0,"parent":0,"menu_order":0,"comment_status":"closed","ping_status":"open","template":"","meta":{"footnotes":""},"class_list":["post-3","page","type-page","status-publish","hentry"],"yoast_head":"<!-- This site is optimized with the Yoast SEO plugin v27.2 - https:\/\/yoast.com\/product\/yoast-seo-wordpress\/ -->\n<title>KLAUZULA INFORMACYJNA Dotycz\u0105ca przetwarzania danych osobowych - Workprofit sp. z o.o. Wielu\u0144<\/title>\n<meta name=\"robots\" content=\"index, follow, max-snippet:-1, max-image-preview:large, max-video-preview:-1\" \/>\n<link rel=\"canonical\" href=\"https:\/\/www.workprofit.com.pl\/index.php\/privacy-policy\/\" \/>\n<meta property=\"og:locale\" content=\"pl_PL\" \/>\n<meta property=\"og:type\" content=\"article\" \/>\n<meta property=\"og:title\" content=\"KLAUZULA INFORMACYJNA Dotycz\u0105ca przetwarzania danych osobowych - Workprofit sp. z o.o. Wielu\u0144\" \/>\n<meta property=\"og:url\" content=\"https:\/\/www.workprofit.com.pl\/index.php\/privacy-policy\/\" \/>\n<meta property=\"og:site_name\" content=\"Workprofit sp. z o.o. Wielu\u0144\" \/>\n<meta property=\"article:publisher\" content=\"https:\/\/www.facebook.com\/WorkprofitWielun\" \/>\n<meta property=\"article:modified_time\" content=\"2024-10-04T09:59:04+00:00\" \/>\n<meta name=\"twitter:card\" content=\"summary_large_image\" \/>\n<meta name=\"twitter:label1\" content=\"Szacowany czas czytania\" \/>\n\t<meta name=\"twitter:data1\" content=\"3 minuty\" \/>\n<script type=\"application\/ld+json\" class=\"yoast-schema-graph\">{\"@context\":\"https:\/\/schema.org\",\"@graph\":[{\"@type\":\"WebPage\",\"@id\":\"https:\/\/www.workprofit.com.pl\/index.php\/privacy-policy\/\",\"url\":\"https:\/\/www.workprofit.com.pl\/index.php\/privacy-policy\/\",\"name\":\"KLAUZULA INFORMACYJNA Dotycz\u0105ca przetwarzania danych osobowych - Workprofit sp. z o.o. Wielu\u0144\",\"isPartOf\":{\"@id\":\"https:\/\/www.workprofit.com.pl\/#website\"},\"datePublished\":\"2022-10-21T11:34:15+00:00\",\"dateModified\":\"2024-10-04T09:59:04+00:00\",\"breadcrumb\":{\"@id\":\"https:\/\/www.workprofit.com.pl\/index.php\/privacy-policy\/#breadcrumb\"},\"inLanguage\":\"pl-PL\",\"potentialAction\":[{\"@type\":\"ReadAction\",\"target\":[\"https:\/\/www.workprofit.com.pl\/index.php\/privacy-policy\/\"]}]},{\"@type\":\"BreadcrumbList\",\"@id\":\"https:\/\/www.workprofit.com.pl\/index.php\/privacy-policy\/#breadcrumb\",\"itemListElement\":[{\"@type\":\"ListItem\",\"position\":1,\"name\":\"Strona g\u0142\u00f3wna\",\"item\":\"https:\/\/www.workprofit.com.pl\/\"},{\"@type\":\"ListItem\",\"position\":2,\"name\":\"KLAUZULA INFORMACYJNA Dotycz\u0105ca przetwarzania danych osobowych\"}]},{\"@type\":\"WebSite\",\"@id\":\"https:\/\/www.workprofit.com.pl\/#website\",\"url\":\"https:\/\/www.workprofit.com.pl\/\",\"name\":\"Workprofit sp. z o.o. Wielu\u0144\",\"description\":\"Magdalena \u015awi\u0105tek Biuro Kadrowo - P\u0142acowe Biuro Ksi\u0119gowe\",\"publisher\":{\"@id\":\"https:\/\/www.workprofit.com.pl\/#organization\"},\"alternateName\":\"Biuro Rachunkowe Biuro Kadrowe Wielu\u0144\",\"potentialAction\":[{\"@type\":\"SearchAction\",\"target\":{\"@type\":\"EntryPoint\",\"urlTemplate\":\"https:\/\/www.workprofit.com.pl\/?s={search_term_string}\"},\"query-input\":{\"@type\":\"PropertyValueSpecification\",\"valueRequired\":true,\"valueName\":\"search_term_string\"}}],\"inLanguage\":\"pl-PL\"},{\"@type\":\"Organization\",\"@id\":\"https:\/\/www.workprofit.com.pl\/#organization\",\"name\":\"Workprofit sp. z o.o. Wielu\u0144\",\"url\":\"https:\/\/www.workprofit.com.pl\/\",\"logo\":{\"@type\":\"ImageObject\",\"inLanguage\":\"pl-PL\",\"@id\":\"https:\/\/www.workprofit.com.pl\/#\/schema\/logo\/image\/\",\"url\":\"https:\/\/www.workprofit.com.pl\/wp-content\/uploads\/2022\/10\/logo-1000x.png\",\"contentUrl\":\"https:\/\/www.workprofit.com.pl\/wp-content\/uploads\/2022\/10\/logo-1000x.png\",\"width\":1000,\"height\":459,\"caption\":\"Workprofit sp. z o.o. Wielu\u0144\"},\"image\":{\"@id\":\"https:\/\/www.workprofit.com.pl\/#\/schema\/logo\/image\/\"},\"sameAs\":[\"https:\/\/www.facebook.com\/WorkprofitWielun\"]}]}<\/script>\n<!-- \/ Yoast SEO plugin. -->","yoast_head_json":{"title":"KLAUZULA INFORMACYJNA Dotycz\u0105ca przetwarzania danych osobowych - Workprofit sp. z o.o. Wielu\u0144","robots":{"index":"index","follow":"follow","max-snippet":"max-snippet:-1","max-image-preview":"max-image-preview:large","max-video-preview":"max-video-preview:-1"},"canonical":"https:\/\/www.workprofit.com.pl\/index.php\/privacy-policy\/","og_locale":"pl_PL","og_type":"article","og_title":"KLAUZULA INFORMACYJNA Dotycz\u0105ca przetwarzania danych osobowych - Workprofit sp. z o.o. Wielu\u0144","og_url":"https:\/\/www.workprofit.com.pl\/index.php\/privacy-policy\/","og_site_name":"Workprofit sp. z o.o. Wielu\u0144","article_publisher":"https:\/\/www.facebook.com\/WorkprofitWielun","article_modified_time":"2024-10-04T09:59:04+00:00","twitter_card":"summary_large_image","twitter_misc":{"Szacowany czas czytania":"3 minuty"},"schema":{"@context":"https:\/\/schema.org","@graph":[{"@type":"WebPage","@id":"https:\/\/www.workprofit.com.pl\/index.php\/privacy-policy\/","url":"https:\/\/www.workprofit.com.pl\/index.php\/privacy-policy\/","name":"KLAUZULA INFORMACYJNA Dotycz\u0105ca przetwarzania danych osobowych - Workprofit sp. z o.o. Wielu\u0144","isPartOf":{"@id":"https:\/\/www.workprofit.com.pl\/#website"},"datePublished":"2022-10-21T11:34:15+00:00","dateModified":"2024-10-04T09:59:04+00:00","breadcrumb":{"@id":"https:\/\/www.workprofit.com.pl\/index.php\/privacy-policy\/#breadcrumb"},"inLanguage":"pl-PL","potentialAction":[{"@type":"ReadAction","target":["https:\/\/www.workprofit.com.pl\/index.php\/privacy-policy\/"]}]},{"@type":"BreadcrumbList","@id":"https:\/\/www.workprofit.com.pl\/index.php\/privacy-policy\/#breadcrumb","itemListElement":[{"@type":"ListItem","position":1,"name":"Strona g\u0142\u00f3wna","item":"https:\/\/www.workprofit.com.pl\/"},{"@type":"ListItem","position":2,"name":"KLAUZULA INFORMACYJNA Dotycz\u0105ca przetwarzania danych osobowych"}]},{"@type":"WebSite","@id":"https:\/\/www.workprofit.com.pl\/#website","url":"https:\/\/www.workprofit.com.pl\/","name":"Workprofit sp. z o.o. Wielu\u0144","description":"Magdalena \u015awi\u0105tek Biuro Kadrowo - P\u0142acowe Biuro Ksi\u0119gowe","publisher":{"@id":"https:\/\/www.workprofit.com.pl\/#organization"},"alternateName":"Biuro Rachunkowe Biuro Kadrowe Wielu\u0144","potentialAction":[{"@type":"SearchAction","target":{"@type":"EntryPoint","urlTemplate":"https:\/\/www.workprofit.com.pl\/?s={search_term_string}"},"query-input":{"@type":"PropertyValueSpecification","valueRequired":true,"valueName":"search_term_string"}}],"inLanguage":"pl-PL"},{"@type":"Organization","@id":"https:\/\/www.workprofit.com.pl\/#organization","name":"Workprofit sp. z o.o. Wielu\u0144","url":"https:\/\/www.workprofit.com.pl\/","logo":{"@type":"ImageObject","inLanguage":"pl-PL","@id":"https:\/\/www.workprofit.com.pl\/#\/schema\/logo\/image\/","url":"https:\/\/www.workprofit.com.pl\/wp-content\/uploads\/2022\/10\/logo-1000x.png","contentUrl":"https:\/\/www.workprofit.com.pl\/wp-content\/uploads\/2022\/10\/logo-1000x.png","width":1000,"height":459,"caption":"Workprofit sp. z o.o. Wielu\u0144"},"image":{"@id":"https:\/\/www.workprofit.com.pl\/#\/schema\/logo\/image\/"},"sameAs":["https:\/\/www.facebook.com\/WorkprofitWielun"]}]}},"_links":{"self":[{"href":"https:\/\/www.workprofit.com.pl\/index.php\/wp-json\/wp\/v2\/pages\/3","targetHints":{"allow":["GET"]}}],"collection":[{"href":"https:\/\/www.workprofit.com.pl\/index.php\/wp-json\/wp\/v2\/pages"}],"about":[{"href":"https:\/\/www.workprofit.com.pl\/index.php\/wp-json\/wp\/v2\/types\/page"}],"author":[{"embeddable":true,"href":"https:\/\/www.workprofit.com.pl\/index.php\/wp-json\/wp\/v2\/users\/1"}],"replies":[{"embeddable":true,"href":"https:\/\/www.workprofit.com.pl\/index.php\/wp-json\/wp\/v2\/comments?post=3"}],"version-history":[{"count":5,"href":"https:\/\/www.workprofit.com.pl\/index.php\/wp-json\/wp\/v2\/pages\/3\/revisions"}],"predecessor-version":[{"id":789,"href":"https:\/\/www.workprofit.com.pl\/index.php\/wp-json\/wp\/v2\/pages\/3\/revisions\/789"}],"wp:attachment":[{"href":"https:\/\/www.workprofit.com.pl\/index.php\/wp-json\/wp\/v2\/media?parent=3"}],"curies":[{"name":"wp","href":"https:\/\/api.w.org\/{rel}","templated":true}]}}